{"id":109,"date":"2020-04-16T07:53:40","date_gmt":"2020-04-16T07:53:40","guid":{"rendered":"https:\/\/demos.kadencewp.com\/food\/?page_id=109"},"modified":"2024-07-23T14:41:06","modified_gmt":"2024-07-23T13:41:06","slug":"about","status":"publish","type":"page","link":"https:\/\/mommyworksfromhome.com\/index.php\/about\/","title":{"rendered":"About"},"content":{"rendered":"<style>.kb-row-layout-id109_fd0806-0e > .kt-row-column-wrap{align-content:center;}:where(.kb-row-layout-id109_fd0806-0e > .kt-row-column-wrap) > .wp-block-kadence-column{justify-content:center;}.kb-row-layout-id109_fd0806-0e > .kt-row-column-wrap{column-gap:var(--global-kb-gap-lg, 4rem);row-gap:var(--global-kb-gap-md, 2rem);padding-top:0px;padding-bottom:0px;grid-template-columns:repeat(2, minmax(0, 1fr));}.kb-row-layout-id109_fd0806-0e > .kt-row-layout-overlay{opacity:0.30;}@media all and (max-width: 1024px){.kb-row-layout-id109_fd0806-0e > .kt-row-column-wrap{grid-template-columns:repeat(2, minmax(0, 1fr));}}@media all and (max-width: 767px){.kb-row-layout-id109_fd0806-0e > .kt-row-column-wrap{grid-template-columns:minmax(0, 1fr);}}<\/style><div class=\"kb-row-layout-wrap kb-row-layout-id109_fd0806-0e alignnone wp-block-kadence-rowlayout\"><div class=\"kt-row-column-wrap kt-has-2-columns kt-row-layout-equal kt-tab-layout-inherit kt-mobile-layout-row kt-row-valign-middle\">\n<style>.kadence-column109_4a6c8f-19, .wp-block-kadence-column.kb-section-dir-horizontal > .kt-inside-inner-col > .kadence-column109_4a6c8f-19{flex-grow:61;}.kadence-column109_4a6c8f-19 > .kt-inside-inner-col{height:100%;}.kadence-column109_4a6c8f-19 > .kt-inside-inner-col{min-height:458px;}.kadence-column109_4a6c8f-19 > .kt-inside-inner-col,.kadence-column109_4a6c8f-19 > .kt-inside-inner-col:before{border-top-left-radius:0px;border-top-right-radius:0px;border-bottom-right-radius:0px;border-bottom-left-radius:0px;}.kadence-column109_4a6c8f-19 > .kt-inside-inner-col{column-gap:var(--global-kb-gap-sm, 1rem);}.kadence-column109_4a6c8f-19 > .kt-inside-inner-col{flex-direction:column;}.kadence-column109_4a6c8f-19 > .kt-inside-inner-col > .aligncenter{width:100%;}.kadence-column109_4a6c8f-19 > .kt-inside-inner-col:before{opacity:0.3;}.kadence-column109_4a6c8f-19{z-index:7;position:relative;}@media all and (max-width: 1024px){.kadence-column109_4a6c8f-19 > .kt-inside-inner-col{flex-direction:column;justify-content:center;}}@media all and (max-width: 767px){.kadence-column109_4a6c8f-19 > .kt-inside-inner-col{flex-direction:column;justify-content:center;}}<\/style>\n<div class=\"wp-block-kadence-column kadence-column109_4a6c8f-19 inner-column-1\"><div class=\"kt-inside-inner-col\">\n<figure class=\"wp-block-image size-large is-resized\"><img decoding=\"async\" width=\"768\" height=\"1024\" src=\"http:\/\/mommyworksfromhome.com\/wp-content\/uploads\/2023\/09\/20230617_162211-768x1024.jpg\" alt=\"\" class=\"wp-image-276\" style=\"aspect-ratio:0.75;width:270px;height:auto\" srcset=\"https:\/\/mommyworksfromhome.com\/wp-content\/uploads\/2023\/09\/20230617_162211-768x1024.jpg 768w, https:\/\/mommyworksfromhome.com\/wp-content\/uploads\/2023\/09\/20230617_162211-225x300.jpg 225w, https:\/\/mommyworksfromhome.com\/wp-content\/uploads\/2023\/09\/20230617_162211-1152x1536.jpg 1152w, https:\/\/mommyworksfromhome.com\/wp-content\/uploads\/2023\/09\/20230617_162211-1536x2048.jpg 1536w, https:\/\/mommyworksfromhome.com\/wp-content\/uploads\/2023\/09\/20230617_162211-750x1000.jpg 750w, https:\/\/mommyworksfromhome.com\/wp-content\/uploads\/2023\/09\/20230617_162211-scaled.jpg 1920w\" sizes=\"(max-width: 768px) 100vw, 768px\" \/><\/figure>\n\n\n\n<h2 class=\"wp-block-heading\">\u00a1Hola! Soy Viktoria Demo, <\/h2>\n\n\n\n<p>asistente virtual y fundadora de MommyWorksFromHome.com. Comenc\u00e9 esta plataforma para ayudar a otros a iniciar su viaje freelance y descubrir diversas oportunidades de ingresos en l\u00ednea, como el marketing de afiliaci\u00f3n y el marketing multinivel. Tambi\u00e9n soy mam\u00e1 de un maravilloso ni\u00f1o de 2 a\u00f1os y logro trabajar mientras \u00e9l duerme.<\/p>\n\n\n\n<p>Mi misi\u00f3n es empoderar a otros padres para que logren la independencia financiera trabajando desde casa. Proporciono recursos, consejos y perspectivas personales para ayudarte a navegar en el mundo del trabajo freelance y los negocios en l\u00ednea.<\/p>\n\n\n\n<h2 class=\"wp-block-heading has-medium-font-size\">Lo Que Hago: <\/h2>\n\n\n\n<ul class=\"wp-block-list\">\n<li><strong>Gu\u00eda para la Carrera Freelance:<\/strong> Gu\u00edas paso a paso, consejos y recursos para iniciar tu carrera freelance.<\/li>\n\n\n\n<li><strong>Marketing de Afiliaci\u00f3n:<\/strong> Tutoriales y estrategias para ganar dinero a trav\u00e9s del marketing de afiliaci\u00f3n.<\/li>\n\n\n\n<li><strong>Marketing Multinivel:<\/strong> Ideas y consejos para tener \u00e9xito en el MLM.<\/li>\n\n\n\n<li><strong>Consejos para Mam\u00e1s Emprendedoras:<\/strong> Consejos pr\u00e1cticos para equilibrar la maternidad y el emprendimiento.<\/li>\n<\/ul>\n\n\n\n<p>No dudes en contactarme si tienes alguna pregunta o necesitas m\u00e1s ayuda. Puedes contactarme en <a href=\"https:\/\/mommyworksfromhome.com\/index.php\/contact\/\" target=\"_blank\" rel=\"noopener\" title=\"\">contact form<\/a> o seguirme en Facebook (<a href=\"https:\/\/www.facebook.com\/profile.php?id=61554577891101\" target=\"_blank\" rel=\"noreferrer noopener\">page<\/a>, <a href=\"https:\/\/www.facebook.com\/profile.php?id=61554629999177\" target=\"_blank\" rel=\"noreferrer noopener\">personal<\/a>) y <a href=\"https:\/\/www.instagram.com\/_mommyworksfromhome\/\" target=\"_blank\" rel=\"noopener\" title=\"\">Instagram<\/a>.<\/p>\n<\/div><\/div>\n\n\n<style>.kadence-column109_7be783-0e > .kt-inside-inner-col,.kadence-column109_7be783-0e > .kt-inside-inner-col:before{border-top-left-radius:0px;border-top-right-radius:0px;border-bottom-right-radius:0px;border-bottom-left-radius:0px;}.kadence-column109_7be783-0e > .kt-inside-inner-col{column-gap:var(--global-kb-gap-sm, 1rem);}.kadence-column109_7be783-0e > .kt-inside-inner-col{flex-direction:column;}.kadence-column109_7be783-0e > .kt-inside-inner-col > .aligncenter{width:100%;}.kadence-column109_7be783-0e > .kt-inside-inner-col:before{opacity:0.3;}.kadence-column109_7be783-0e{position:relative;}@media all and (max-width: 1024px){.kadence-column109_7be783-0e > .kt-inside-inner-col{flex-direction:column;justify-content:center;}}@media all and (max-width: 767px){.kadence-column109_7be783-0e > .kt-inside-inner-col{flex-direction:column;justify-content:center;}}<\/style>\n<div class=\"wp-block-kadence-column kadence-column109_7be783-0e inner-column-2\"><div class=\"kt-inside-inner-col\">\n<h2 class=\"wp-block-heading\">Hi! I&#8217;m Vikt\u00f3ria Dem\u00f3<\/h2>\n\n\n\n<p><strong>a virtual assistant and the founder of MommyWorksFromHome.com. I started this platform to help others embark on their freelance journey and discover various online income opportunities, such as affiliate marketing and multilevel marketing. I&#8217;m also a mom to a wonderful 2-year-old boy and I manage to work while he\u2019s asleep.<\/strong><\/p>\n\n\n\n<p>My mission is to empower other parents to achieve financial independence by working from home. I provide resources, tips, and personal insights to help you navigate the world of freelancing and online business.<\/p>\n\n\n\n<h2 class=\"wp-block-heading has-medium-font-size\"><strong>What I Do:<\/strong><\/h2>\n\n\n\n<ul class=\"wp-block-list\">\n<li><strong>Freelance Journey Guidance:<\/strong> Step-by-step guides, tips, and resources for starting your freelance career.<\/li>\n\n\n\n<li><strong>Affiliate Marketing:<\/strong> Tutorials and strategies for earning through affiliate marketing.<\/li>\n\n\n\n<li><strong>Multilevel Marketing:<\/strong> Insights and advice on how to succeed in MLM.<\/li>\n\n\n\n<li><strong>Mompreneur Tips:<\/strong> Practical advice for balancing motherhood and entrepreneurship.<\/li>\n<\/ul>\n\n\n\n<h2 class=\"wp-block-heading has-medium-font-size\"><br>Contact Me<\/h2>\n\n\n\n<p>Feel free to reach out to me if you have any questions or need further assistance. You can contact me at <a href=\"https:\/\/mommyworksfromhome.com\/index.php\/contact\/\" target=\"_blank\" rel=\"noopener\" title=\"\">contact form<\/a> or follow me on Facebook (<a href=\"https:\/\/www.facebook.com\/profile.php?id=61554577891101\" target=\"_blank\" rel=\"noopener\" title=\"\">page<\/a>, <a href=\"https:\/\/www.facebook.com\/profile.php?id=61554629999177\" target=\"_blank\" rel=\"noopener\" title=\"\">personal<\/a>) and <a href=\"https:\/\/www.instagram.com\/_mommyworksfromhome\/\" target=\"_blank\" rel=\"noopener\" title=\"\">Instagram<\/a>.<\/p>\n<\/div><\/div>\n\n<\/div><\/div>\n\n\n<p><\/p>\n\n\n\n<h2 class=\"wp-block-heading\">Szia! Dem\u00f3 Vikt\u00f3ria vagyok, <\/h2>\n\n\n\n<p>virtu\u00e1lis asszisztens \u00e9s a MommyWorksFromHome.com alap\u00edt\u00f3ja. Az\u00e9rt ind\u00edtottam ezt a platformot, hogy seg\u00edtsek m\u00e1soknak elind\u00edtani szabad\u00fasz\u00f3 karrierj\u00fcket, \u00e9s felfedezni a k\u00fcl\u00f6nf\u00e9le online j\u00f6vedelemszerz\u00e9si lehet\u0151s\u00e9geket, mint p\u00e9ld\u00e1ul az affiliate marketing \u00e9s a multilevel marketing. Emellett egy csod\u00e1latos 2 \u00e9ves kisfi\u00fa anyuk\u00e1ja vagyok, \u00e9s akkor dolgozom, amikor \u0151 alszik.<\/p>\n\n\n\n<h2 class=\"wp-block-heading has-medium-font-size\">K\u00fcldet\u00e9sem, <\/h2>\n\n\n\n<p>hogy m\u00e1s sz\u00fcl\u0151ket seg\u00edtsek abban, hogy otthonr\u00f3l dolgozva p\u00e9nz\u00fcgyi f\u00fcggetlens\u00e9get \u00e9rjenek el. Forr\u00e1sokat, tippeket \u00e9s szem\u00e9lyes megl\u00e1t\u00e1sokat ny\u00fajtok, hogy seg\u00edtsek eligazodni a szabad\u00fasz\u00e1s \u00e9s az online \u00fczlet vil\u00e1g\u00e1ban.<\/p>\n\n\n\n<h2 class=\"wp-block-heading has-medium-font-size\">Amit Csin\u00e1lok:<\/h2>\n\n\n\n<ul class=\"wp-block-list\">\n<li><strong>Szabad\u00fasz\u00f3 Karrier \u00datmutat\u00f3:<\/strong> L\u00e9p\u00e9sr\u0151l l\u00e9p\u00e9sre \u00fatmutat\u00f3k, tippek \u00e9s forr\u00e1sok a szabad\u00fasz\u00f3 karrier megkezd\u00e9s\u00e9hez.<\/li>\n\n\n\n<li><strong>Affiliate Marketing:<\/strong> Oktat\u00f3anyagok \u00e9s strat\u00e9gi\u00e1k az affiliate marketinggel val\u00f3 keresethez.<\/li>\n\n\n\n<li><strong>Multilevel Marketing:<\/strong> \u00d6tletek \u00e9s tan\u00e1csok az MLM-ben val\u00f3 sikerhez.<\/li>\n\n\n\n<li><strong>Anyav\u00e1llalkoz\u00f3i Tippek:<\/strong> Gyakorlati tan\u00e1csok az anyas\u00e1g \u00e9s a v\u00e1llalkoz\u00e1s egyens\u00faly\u00e1nak megteremt\u00e9s\u00e9hez.<\/li>\n<\/ul>\n\n\n\n<h2 class=\"wp-block-heading has-medium-font-size\"><strong>B\u00e1tran l\u00e9pj kapcsolatba velem<\/strong>, <\/h2>\n\n\n\n<p>ha k\u00e9rd\u00e9sed van, vagy tov\u00e1bbi seg\u00edts\u00e9gre van sz\u00fcks\u00e9ged. El\u00e9rhetsz a <a href=\"https:\/\/mommyworksfromhome.com\/index.php\/contact\/\" target=\"_blank\" rel=\"noopener\" title=\"\">contact form<\/a>-on kereszt\u00fcl vagy k\u00f6vess a Facebookon (<a href=\"https:\/\/www.facebook.com\/profile.php?id=61554577891101\" target=\"_blank\" rel=\"noopener\" title=\"\">page<\/a>, <a href=\"https:\/\/www.facebook.com\/profile.php?id=61554629999177\" target=\"_blank\" rel=\"noopener\" title=\"\">personal<\/a>) \u00e9s az <a href=\"https:\/\/www.instagram.com\/_mommyworksfromhome\/\" target=\"_blank\" rel=\"noopener\" title=\"\">Instagram<\/a>-on.<\/p>\n","protected":false},"excerpt":{"rendered":"<p>\u00a1Hola! Soy Viktoria Demo, asistente virtual y fundadora de MommyWorksFromHome.com. Comenc\u00e9 esta plataforma para ayudar a otros a iniciar su viaje freelance y descubrir diversas oportunidades de ingresos en l\u00ednea, como el marketing de afiliaci\u00f3n y el marketing multinivel. Tambi\u00e9n soy mam\u00e1 de un maravilloso ni\u00f1o de 2 a\u00f1os y logro trabajar mientras \u00e9l duerme&#8230;.<\/p>\n","protected":false},"author":1,"featured_media":0,"parent":0,"menu_order":0,"comment_status":"closed","ping_status":"closed","template":"","meta":{"om_disable_all_campaigns":false,"_kad_blocks_custom_css":"","_kad_blocks_head_custom_js":"","_kad_blocks_body_custom_js":"","_kad_blocks_footer_custom_js":"","_monsterinsights_skip_tracking":false,"_monsterinsights_sitenote_active":false,"_monsterinsights_sitenote_note":"","_monsterinsights_sitenote_category":0,"_kadence_starter_templates_imported_post":true,"_kad_post_transparent":"","_kad_post_title":"","_kad_post_layout":"","_kad_post_sidebar_id":"","_kad_post_content_style":"","_kad_post_vertical_padding":"","_kad_post_feature":"","_kad_post_feature_position":"","_kad_post_header":false,"_kad_post_footer":false,"_kad_post_classname":"","footnotes":""},"class_list":["post-109","page","type-page","status-publish","hentry"],"aioseo_notices":[],"taxonomy_info":[],"featured_image_src_large":false,"author_info":{"display_name":"mommyworksfromhome.com","author_link":"https:\/\/mommyworksfromhome.com\/index.php\/author\/mommyworksfromhome-com\/"},"comment_info":0,"_links":{"self":[{"href":"https:\/\/mommyworksfromhome.com\/index.php\/wp-json\/wp\/v2\/pages\/109","targetHints":{"allow":["GET"]}}],"collection":[{"href":"https:\/\/mommyworksfromhome.com\/index.php\/wp-json\/wp\/v2\/pages"}],"about":[{"href":"https:\/\/mommyworksfromhome.com\/index.php\/wp-json\/wp\/v2\/types\/page"}],"author":[{"embeddable":true,"href":"https:\/\/mommyworksfromhome.com\/index.php\/wp-json\/wp\/v2\/users\/1"}],"replies":[{"embeddable":true,"href":"https:\/\/mommyworksfromhome.com\/index.php\/wp-json\/wp\/v2\/comments?post=109"}],"version-history":[{"count":4,"href":"https:\/\/mommyworksfromhome.com\/index.php\/wp-json\/wp\/v2\/pages\/109\/revisions"}],"predecessor-version":[{"id":617,"href":"https:\/\/mommyworksfromhome.com\/index.php\/wp-json\/wp\/v2\/pages\/109\/revisions\/617"}],"wp:attachment":[{"href":"https:\/\/mommyworksfromhome.com\/index.php\/wp-json\/wp\/v2\/media?parent=109"}],"curies":[{"name":"wp","href":"https:\/\/api.w.org\/{rel}","templated":true}]}}